{"id":12,"date":"2019-02-07T21:13:08","date_gmt":"2019-02-07T21:13:08","guid":{"rendered":"https:\/\/www.colegiouniversos.com.br\/site\/?page_id=12"},"modified":"2024-03-10T12:04:20","modified_gmt":"2024-03-10T15:04:20","slug":"nossa-historia","status":"publish","type":"page","link":"https:\/\/www.colegiouniversos.com.br\/site\/nossa-historia\/","title":{"rendered":"Nossa Hist\u00f3ria"},"content":{"rendered":"<p>O Col\u00e9gio Universos foi criado em 1995 com a denomina\u00e7\u00e3o de Escola de Educa\u00e7\u00e3o Infantil Crian\u00e7a Feliz. Como explicitado no nome, o objetivo inicial era a Educa\u00e7\u00e3o Infantil e, devido \u00e0 demanda e aos anseios da comunidade, da equipe diretiva e mantenedora, a institui\u00e7\u00e3o passou a dar foco \u00e0 Educa\u00e7\u00e3o Infantil e ao Ensino Fundamental I e II.<\/p>\n<p>Em sua primeira fase de exist\u00eancia, a escola funcionava em uma sala improvisada na garagem da progenitora da fundadora, Leoc\u00e1dia Graciolli, contando com apenas 15 (quinze) alunos de faixa et\u00e1ria entre 3 (tr\u00eas) e 5 (cinco) anos. Logo percebeu-se a necessidade de aumento do espa\u00e7o f\u00edsico. Para tanto, adquiriu-se uma casa situada na Rua Cosme Favretto, n\u00ba 1178, no Centro, em outubro de 1999. Com o passar dos anos, o local recebeu diversas melhorias para comportar as v\u00e1rias turmas de Educa\u00e7\u00e3o Infantil e Ensino Fundamental.<\/p>\n<p>Na sequ\u00eancia, verificando o cont\u00ednuo aumento na procura por vagas, adquiriu-se um segundo espa\u00e7o, tamb\u00e9m localizado na Rua Cosme Favretto, onde funcionam exclusivamente turmas de Educa\u00e7\u00e3o Infantil. Surge deste modo o Col\u00e9gio Universos propriamente dito, ofertando inicialmente Educa\u00e7\u00e3o Infantil e posteriormente Ensino Fundamental. As atividades letivas iniciaram em 1\u00ba de mar\u00e7o de 2000, atendendo crian\u00e7as entre 3 (tr\u00eas) e 6 (seis) anos, divididas em classes do Maternal e Alfabetiza\u00e7\u00e3o, possuindo mais de (50) cinquenta alunos.<\/p>\n<p>Em 19 de maio do mesmo ano, o Conselho Estadual de Educa\u00e7\u00e3o (CEED) emitiu o cadastro da mantenedora da institui\u00e7\u00e3o para a entidade Graciolli e Zanonato LTDA. A partir deste cadastro foi poss\u00edvel a solicita\u00e7\u00e3o de Autoriza\u00e7\u00e3o para Funcionamento da, ainda, Escola Fundamental Crian\u00e7a Feliz. Esta autoriza\u00e7\u00e3o foi concedida com parecer favor\u00e1vel n\u00ba 622\/2001, na data de 27 de junho de 2001, sob o processo n\u00ba 45.941\/19.00\/00.0.<\/p>\n<p>Em 13 de novembro de 2006, sob o processo n\u00ba 0893791900\/05-4 e parecer de autoriza\u00e7\u00e3o n.\u00ba 891\/2006, foi autorizada a implanta\u00e7\u00e3o na escola, de forma progressiva, do ensino fundamental I e II (5\u00aa a 8\u00aa s\u00e9ries), que tornaramse posteriormente atrav\u00e9s da lei 11.274, de 2006, em 5\u00ba a 9\u00ba anos, adicionando mais um degrau \u00e0 educa\u00e7\u00e3o fundamental, atualiza\u00e7\u00e3o que foi perfeitamente recebida e adaptada pela escola.<\/p>\n<p>Com as diversas modifica\u00e7\u00f5es tanto na estrutura quanto na oferta de servi\u00e7os, decidiu-se pela mudan\u00e7a do nome da institui\u00e7\u00e3o, uma vez que o antigo nome j\u00e1 n\u00e3o abrangia de forma adequada o escopo de a\u00e7\u00e3o da escola, que em 21 de novembro de 2013 passou a ser chamada de Col\u00e9gio Universos. Em 2008, foi dado mais um passo na busca pelo aprimoramento t\u00e9cnico, epistemol\u00f3gico e pedag\u00f3gico, adotando o Sistema Positivo de Ensino como seu arcabou\u00e7o te\u00f3rico, tendo esse influenciado em sua base filos\u00f3fica e em sua pr\u00e1xis. Desde essa data, a escola \u00e9 conveniada ao sistema, aumentando ainda mais as condi\u00e7\u00f5es para o pleno desenvolvimento de seus educandos.<\/p>\n<p>Com o objetivo de inovar, aprimorar os servi\u00e7os oferecidos e trazer cada vez mais oportunidades de novas aprendizagens, em 2019, o Col\u00e9gio Universos iniciou com o Ensino Bil\u00edngue (Ingl\u00eas), de forma a melhor preparar os alunos para os desafios do futuro. Em 2022, o Col\u00e9gio comemorou seus 27 anos com a conclus\u00e3o das obras de amplia\u00e7\u00e3o de infraestrutura, o que proporcionou ainda mais possibilidades de trocas de conhecimento e conviv\u00eancia entre alunos, professores e comunidade escolar.<\/p>\n<p>Com a nova estrutura reafirmamos nosso compromisso em trazer o melhor da educa\u00e7\u00e3o atual para nossos alunos e suas fam\u00edlias. O trabalho constante entre col\u00e9gio e fam\u00edlia busca sempre o desenvolvimento do aluno tanto nas esferas acad\u00eamicas quanto nas sociais, \u00e9ticas e do trabalho. O Col\u00e9gio Universos tem orgulho em apresentar seu programa de Ensino M\u00e9dio, projetado para atender \u00e0s necessidades educacionais multifacetadas dos nossos alunos. Al\u00e9m das disciplinas tradicionais, que formam a base s\u00f3lida do curr\u00edculo, incorporamos itiner\u00e1rios formativos que capacitam os estudantes em diversas \u00e1reas, ampliando seus horizontes e preparando-os para os desafios do futuro.<\/p>\n<p>Dispondo de uma estrutura de laborat\u00f3rios e recursos pedag\u00f3gicos atualizada, trabalhamos tanto o te\u00f3rico quanto o pr\u00e1tico. Reconhecemos a import\u00e2ncia de uma prepara\u00e7\u00e3o rigorosa para os vestibulares e o ENEM, e, por isso, implementamos o programa Prepara, dedicado a garantir o sucesso dos nossos alunos nesses exames cr\u00edticos. E, buscando um desenvolvimento integral, oferecemos aulas em turno inverso, repletas de atividades enriquecedoras, que complementam a jornada acad\u00eamica.<\/p>\n<p>Ao optar pelo Col\u00e9gio Universos, voc\u00ea est\u00e1 escolhendo uma institui\u00e7\u00e3o comprometida com a excel\u00eancia educacional e o futuro promissor de seus alunos.<\/p>\n<h2><\/h2>\n<h2>Dire\u00e7\u00e3o<\/h2>\n<div id=\"attachment_271\" style=\"width: 290px\" class=\"wp-caption alignleft\"><img decoding=\"async\" aria-describedby=\"caption-attachment-271\" class=\"wp-image-271\" src=\"https:\/\/www.colegiouniversos.com.br\/site\/wp-content\/uploads\/2019\/09\/col\u00e9gio-universos-leoc\u00e1dia-graciolli-300x300.png\" alt=\"\" width=\"280\" height=\"280\" loading=\"lazy\" srcset=\"https:\/\/www.colegiouniversos.com.br\/site\/wp-content\/uploads\/2019\/09\/col\u00e9gio-universos-leoc\u00e1dia-graciolli-300x300.png 300w, https:\/\/www.colegiouniversos.com.br\/site\/wp-content\/uploads\/2019\/09\/col\u00e9gio-universos-leoc\u00e1dia-graciolli-150x150.png 150w, https:\/\/www.colegiouniversos.com.br\/site\/wp-content\/uploads\/2019\/09\/col\u00e9gio-universos-leoc\u00e1dia-graciolli-768x768.png 768w, https:\/\/www.colegiouniversos.com.br\/site\/wp-content\/uploads\/2019\/09\/col\u00e9gio-universos-leoc\u00e1dia-graciolli-1024x1024.png 1024w, https:\/\/www.colegiouniversos.com.br\/site\/wp-content\/uploads\/2019\/09\/col\u00e9gio-universos-leoc\u00e1dia-graciolli.png 1182w\" sizes=\"(max-width: 280px) 100vw, 280px\" \/><p id=\"caption-attachment-271\" class=\"wp-caption-text\">Leoc\u00e1dia Graciolli | Diretora<\/p><\/div>\n<div id=\"attachment_272\" style=\"width: 290px\" class=\"wp-caption alignleft\"><img decoding=\"async\" aria-describedby=\"caption-attachment-272\" class=\"wp-image-272\" src=\"https:\/\/www.colegiouniversos.com.br\/site\/wp-content\/uploads\/2019\/09\/col\u00e9gio-universos-lizane-graciolli-pandolfi-300x300.png\" alt=\"\" width=\"280\" height=\"280\" loading=\"lazy\" srcset=\"https:\/\/www.colegiouniversos.com.br\/site\/wp-content\/uploads\/2019\/09\/col\u00e9gio-universos-lizane-graciolli-pandolfi-300x300.png 300w, https:\/\/www.colegiouniversos.com.br\/site\/wp-content\/uploads\/2019\/09\/col\u00e9gio-universos-lizane-graciolli-pandolfi-150x150.png 150w, https:\/\/www.colegiouniversos.com.br\/site\/wp-content\/uploads\/2019\/09\/col\u00e9gio-universos-lizane-graciolli-pandolfi-768x768.png 768w, https:\/\/www.colegiouniversos.com.br\/site\/wp-content\/uploads\/2019\/09\/col\u00e9gio-universos-lizane-graciolli-pandolfi-1024x1024.png 1024w, https:\/\/www.colegiouniversos.com.br\/site\/wp-content\/uploads\/2019\/09\/col\u00e9gio-universos-lizane-graciolli-pandolfi.png 1182w\" sizes=\"(max-width: 280px) 100vw, 280px\" \/><p id=\"caption-attachment-272\" class=\"wp-caption-text\">Lizane Graciolli Pandolfi | Vice-Diretora<\/p><\/div>\n<h1 class=\"mceTemp\"><\/h1>\n<h1 class=\"mceTemp\"><\/h1>\n<p>&nbsp;<\/p>\n<p>&nbsp;<\/p>\n<p>&nbsp;<\/p>\n<p>&nbsp;<\/p>\n<div style=\"display: none;\">\n<p>col\u00e9gio sarandi educa\u00e7\u00e3o sarandi, universos em sarandi, crian\u00e7a, sarandi RS, crian\u00e7a e col\u00e9gio professor sarandi<\/p>\n<h1>crian\u00e7a em sarandi,\u00a0universos sarandi, educa\u00e7\u00e3o sarandi,<\/h1>\n<h2>crian\u00e7a em sarandi, col\u00e9gio sarandi e regi\u00e3o, educa\u00e7\u00e3o sarandi em sarandi, crian\u00e7a venda universos col\u00e9gio professor sarandi, col\u00e9gio em sarandi rs, crian\u00e7a, para sarandi e regi\u00e3o, crian\u00e7a para sarandi e regi\u00e3o\u00a0col\u00e9gio professor col\u00e9gio professor sarandi de crian\u00e7a em sarandi, col\u00e9gio sarandi e regi\u00e3o, educa\u00e7\u00e3o sarandi em sarandi, crian\u00e7a venda universos col\u00e9gio professor sarandi, col\u00e9gio em sarandi rs, crian\u00e7a,<a title=\"col\u00e9gio professor col\u00e9gio professor sarandi de crian\u00e7a em sarandi, col\u00e9gio sarandi e regi\u00e3o, educa\u00e7\u00e3o sarandi em sarandi, crian\u00e7a venda universos col\u00e9gio professor sarandi, col\u00e9gio em sarandi rs, crian\u00e7a, para sarandi e regi\u00e3o, crian\u00e7a para sarandi e regi\u00e3o\" href=\"https:\/\/www.colegiouniversos.com.br\">para sarandi e regi\u00e3o, crian\u00e7a para sarandi e regi\u00e3o\u00a0col\u00e9gio professor col\u00e9gio professor sarandi de crian\u00e7a em sarandi, col\u00e9gio sarandi e regi\u00e3o, educa\u00e7\u00e3o sarandi em sarandi, crian\u00e7a venda universos col\u00e9gio professor sarandi, col\u00e9gio em sarandi rs, crian\u00e7a<\/a>, para sarandi e regi\u00e3o, crian\u00e7a para sarandi e regi\u00e3o\u00a0col\u00e9gio professor col\u00e9gio professor sarandi de crian\u00e7a em sarandi, col\u00e9gio sarandi e regi\u00e3o, educa\u00e7\u00e3o sarandi em sarandi, crian\u00e7a venda universos col\u00e9gio professor sarandi, col\u00e9gio em sarandi rs, crian\u00e7a, para sarandi e regi\u00e3o, crian\u00e7a para sarandi e regi\u00e3o\u00a0col\u00e9gio professor col\u00e9gio professor sarandi de crian\u00e7a em sarandi, col\u00e9gio sarandi e regi\u00e3o, educa\u00e7\u00e3o sarandi em sarandi, crian\u00e7a venda universos col\u00e9gio professor sarandi, col\u00e9gio em sarandi rs, crian\u00e7a, para sarandi e regi\u00e3o,<a title=\"col\u00e9gio professor col\u00e9gio professor sarandi de crian\u00e7a em sarandi, col\u00e9gio sarandi e regi\u00e3o, educa\u00e7\u00e3o sarandi em sarandi, crian\u00e7a venda universos col\u00e9gio professor sarandi, col\u00e9gio em sarandi rs, crian\u00e7a, para sarandi e regi\u00e3o, crian\u00e7a para sarandi e regi\u00e3o\" href=\"https:\/\/www.colegiouniversos.com.br\/site\">crian\u00e7a para sarandi e regi\u00e3o\u00a0col\u00e9gio professor col\u00e9gio professor sarandi de crian\u00e7a em sarandi, col\u00e9gio sarandi e regi\u00e3o, cria\u00e7\u00e3o de sit<\/a>es em sarandi, crian\u00e7a venda universos col\u00e9gio professor sarandi, col\u00e9gio em sarandi rs, crian\u00e7a, para sarandi e regi\u00e3o, crian\u00e7a para sarandi e regi\u00e3o<\/h2>\n<div id=\"attachment_747\" style=\"width: 353px\" class=\"wp-caption aligncenter\"><a href=\"https:\/\/www.colegiouniversos.com.br\/site\/wp-content\/uploads\/2013\/06\/per\u00edcia-m\u00e9dica-passo-fundo-rs.jpg\"><img decoding=\"async\" aria-describedby=\"caption-attachment-747\" class=\"size-full wp-image-747 \" title=\"col\u00e9gio professor col\u00e9gio professor sarandi de crian\u00e7a em sarandi\" src=\"https:\/\/www.colegiouniversos.com.br\/site\/wp-content\/uploads\/2013\/06\/per\u00edcia-m\u00e9dica-passo-fundo-rs.jpg\" alt=\"col\u00e9gio professor col\u00e9gio professor sarandi de crian\u00e7a em sarandi\" width=\"343\" height=\"300\" loading=\"lazy\" \/><\/a><p id=\"caption-attachment-747\" class=\"wp-caption-text\">col\u00e9gio professor col\u00e9gio professor sarandi de crian\u00e7a em sarandi<\/p><\/div>\n<\/div>\n","protected":false},"excerpt":{"rendered":"<p>O Col\u00e9gio Universos foi criado em 1995 com a denomina\u00e7\u00e3o de Escola de Educa\u00e7\u00e3o Infantil Crian\u00e7a Feliz. Como explicitado no nome, o objetivo inicial era a Educa\u00e7\u00e3o Infantil e, devido \u00e0 demanda e aos anseios da comunidade, da equipe diretiva e mantenedora, a institui\u00e7\u00e3o passou a dar foco \u00e0 Educa\u00e7\u00e3o Infantil e ao Ensino Fundamental [&hellip;]<\/p>\n","protected":false},"author":1,"featured_media":0,"parent":0,"menu_order":0,"comment_status":"closed","ping_status":"closed","template":"","meta":{"footnotes":""},"class_list":["post-12","page","type-page","status-publish","hentry"],"_links":{"self":[{"href":"https:\/\/www.colegiouniversos.com.br\/site\/wp-json\/wp\/v2\/pages\/12"}],"collection":[{"href":"https:\/\/www.colegiouniversos.com.br\/site\/wp-json\/wp\/v2\/pages"}],"about":[{"href":"https:\/\/www.colegiouniversos.com.br\/site\/wp-json\/wp\/v2\/types\/page"}],"author":[{"embeddable":true,"href":"https:\/\/www.colegiouniversos.com.br\/site\/wp-json\/wp\/v2\/users\/1"}],"replies":[{"embeddable":true,"href":"https:\/\/www.colegiouniversos.com.br\/site\/wp-json\/wp\/v2\/comments?post=12"}],"version-history":[{"count":73,"href":"https:\/\/www.colegiouniversos.com.br\/site\/wp-json\/wp\/v2\/pages\/12\/revisions"}],"predecessor-version":[{"id":585,"href":"https:\/\/www.colegiouniversos.com.br\/site\/wp-json\/wp\/v2\/pages\/12\/revisions\/585"}],"wp:attachment":[{"href":"https:\/\/www.colegiouniversos.com.br\/site\/wp-json\/wp\/v2\/media?parent=12"}],"curies":[{"name":"wp","href":"https:\/\/api.w.org\/{rel}","templated":true}]}}